{"id":147,"date":"2020-06-10T11:57:41","date_gmt":"2020-06-10T11:57:41","guid":{"rendered":"http:\/\/houseofpilateskolding.dk\/?page_id=147"},"modified":"2025-10-15T11:06:07","modified_gmt":"2025-10-15T11:06:07","slug":"registrer","status":"publish","type":"page","link":"https:\/\/houseofpilateskolding.dk\/en\/registrer\/","title":{"rendered":"REGISTER"},"content":{"rendered":"<div data-elementor-type=\"wp-page\" data-elementor-id=\"147\" class=\"elementor elementor-147\" data-elementor-post-type=\"page\">\n\t\t\t\t\t\t<section class=\"elementor-section elementor-top-section elementor-element elementor-element-51ad9a17 elementor-section-height-min-height elementor-section-items-stretch elementor-section-boxed elementor-section-height-default\" data-id=\"51ad9a17\" data-element_type=\"section\" data-e-type=\"section\">\n\t\t\t\t\t\t<div class=\"elementor-container elementor-column-gap-default\">\n\t\t\t\t\t<div class=\"elementor-column elementor-col-50 elementor-top-column elementor-element elementor-element-200dfa6c\" data-id=\"200dfa6c\" data-element_type=\"column\" data-e-type=\"column\" data-settings=\"{&quot;background_background&quot;:&quot;classic&quot;}\">\n\t\t\t<div class=\"elementor-widget-wrap elementor-element-populated\">\n\t\t\t\t\t\t<div class=\"elementor-element elementor-element-6af4c7db elementor-widget elementor-widget-heading\" data-id=\"6af4c7db\" data-element_type=\"widget\" data-e-type=\"widget\" data-widget_type=\"heading.default\">\n\t\t\t\t<div class=\"elementor-widget-container\">\n\t\t\t\t\t<h2 class=\"elementor-heading-title elementor-size-default\">Before you register,<\/h2>\t\t\t\t<\/div>\n\t\t\t\t<\/div>\n\t\t\t\t<div class=\"elementor-element elementor-element-78fb03f6 elementor-widget elementor-widget-text-editor\" data-id=\"78fb03f6\" data-element_type=\"widget\" data-e-type=\"widget\" data-widget_type=\"text-editor.default\">\n\t\t\t\t<div class=\"elementor-widget-container\">\n\t\t\t\t\t\t\t\t\t<p>House Of Pilates Kolding g\u00e5r vi meget op i at din tr\u00e6ning bliver tilpasset dine behov. Derfor skal du bestille en startpakke eller en personlig tr\u00e6ning hvis man ikke i forvejen er bekendt med reformeren.<\/p><p>The starter package is ordered under the tab 'ONLINE STORE'; here, you select 'AUTOPAYS,' which is located just under 'MY INFO.'<\/p><p>Once you have ordered the starter package, please call or message us to schedule your first session.<\/p><p>Alternatively, when you begin at the studio, you can opt to purchase a starter package including 1 personal training\/assessment session with a physiotherapist.<\/p>\t\t\t\t\t\t\t\t<\/div>\n\t\t\t\t<\/div>\n\t\t\t\t<div class=\"elementor-element elementor-element-17de76f elementor-widget-mobile__width-initial elementor-widget__width-initial elementor-widget elementor-widget-button\" data-id=\"17de76f\" data-element_type=\"widget\" data-e-type=\"widget\" data-widget_type=\"button.default\">\n\t\t\t\t<div class=\"elementor-widget-container\">\n\t\t\t\t\t\t\t\t\t<div class=\"elementor-button-wrapper\">\n\t\t\t\t\t<a class=\"elementor-button elementor-button-link elementor-size-sm\" href=\"https:\/\/clients.mindbodyonline.com\/ASP\/main_shop.asp?studioid=502819&#038;tg=&#038;vt=&#038;lvl=&#038;stype=&#038;view=&#038;trn=0&#038;page=&#038;catid=&#038;prodid=&#038;date=6%2f10%2f2020&#038;classid=0&#038;prodGroupId=&#038;sSU=&#038;optForwardingLink=&#038;qParam=&#038;justloggedin=&#038;nLgIn=&#038;pMode=0&#038;loc=1\">\n\t\t\t\t\t\t<span class=\"elementor-button-content-wrapper\">\n\t\t\t\t\t\t\t\t\t<span class=\"elementor-button-text\">REGISTER<\/span>\n\t\t\t\t\t<\/span>\n\t\t\t\t\t<\/a>\n\t\t\t\t<\/div>\n\t\t\t\t\t\t\t\t<\/div>\n\t\t\t\t<\/div>\n\t\t\t\t<div class=\"elementor-element elementor-element-a91df9f elementor-widget-mobile__width-initial elementor-widget__width-initial elementor-widget elementor-widget-button\" data-id=\"a91df9f\" data-element_type=\"widget\" data-e-type=\"widget\" data-widget_type=\"button.default\">\n\t\t\t\t<div class=\"elementor-widget-container\">\n\t\t\t\t\t\t\t\t\t<div class=\"elementor-button-wrapper\">\n\t\t\t\t\t<a class=\"elementor-button elementor-button-link elementor-size-sm\" href=\"https:\/\/houseofpilateskolding.dk\/en\/kontakt\/\">\n\t\t\t\t\t\t<span class=\"elementor-button-content-wrapper\">\n\t\t\t\t\t\t\t\t\t<span class=\"elementor-button-text\">CONTACT<\/span>\n\t\t\t\t\t<\/span>\n\t\t\t\t\t<\/a>\n\t\t\t\t<\/div>\n\t\t\t\t\t\t\t\t<\/div>\n\t\t\t\t<\/div>\n\t\t\t\t<div class=\"elementor-element elementor-element-3990a2a elementor-widget elementor-widget-heading\" data-id=\"3990a2a\" data-element_type=\"widget\" data-e-type=\"widget\" data-widget_type=\"heading.default\">\n\t\t\t\t<div class=\"elementor-widget-container\">\n\t\t\t\t\t<h2 class=\"elementor-heading-title elementor-size-default\">Beginner Reformer<\/h2>\t\t\t\t<\/div>\n\t\t\t\t<\/div>\n\t\t\t\t<div class=\"elementor-element elementor-element-d71390a elementor-widget elementor-widget-text-editor\" data-id=\"d71390a\" data-element_type=\"widget\" data-e-type=\"widget\" data-widget_type=\"text-editor.default\">\n\t\t\t\t<div class=\"elementor-widget-container\">\n\t\t\t\t\t\t\t\t\t<p>\"Beginner Reformer classes\" are held approximately twice a month, where you can come and try the reformer before deciding on a starter package or personal training.<\/p><p>When participating in the \u201cBeginner Reformer class\u201d, you simply need to register and purchase the \u201cBeginner Reformer\u201d clip. Please note that this clip only gives access to this class.<\/p>\t\t\t\t\t\t\t\t<\/div>\n\t\t\t\t<\/div>\n\t\t\t\t<div class=\"elementor-element elementor-element-37a9ac4 elementor-widget elementor-widget-button\" data-id=\"37a9ac4\" data-element_type=\"widget\" data-e-type=\"widget\" data-widget_type=\"button.default\">\n\t\t\t\t<div class=\"elementor-widget-container\">\n\t\t\t\t\t\t\t\t\t<div class=\"elementor-button-wrapper\">\n\t\t\t\t\t<a class=\"elementor-button elementor-button-link elementor-size-sm\" href=\"https:\/\/clients.mindbodyonline.com\/ASP\/main_shop.asp?studioid=502819&#038;tg=&#038;vt=&#038;lvl=&#038;stype=&#038;view=&#038;trn=0&#038;page=&#038;catid=&#038;prodid=&#038;date=6%2f10%2f2020&#038;classid=0&#038;prodGroupId=&#038;sSU=&#038;optForwardingLink=&#038;qParam=&#038;justloggedin=&#038;nLgIn=&#038;pMode=0&#038;loc=1\">\n\t\t\t\t\t\t<span class=\"elementor-button-content-wrapper\">\n\t\t\t\t\t\t\t\t\t<span class=\"elementor-button-text\">REGISTER<\/span>\n\t\t\t\t\t<\/span>\n\t\t\t\t\t<\/a>\n\t\t\t\t<\/div>\n\t\t\t\t\t\t\t\t<\/div>\n\t\t\t\t<\/div>\n\t\t\t\t<div class=\"elementor-element elementor-element-10dfbf0 elementor-widget elementor-widget-spacer\" data-id=\"10dfbf0\" data-element_type=\"widget\" data-e-type=\"widget\" data-widget_type=\"spacer.default\">\n\t\t\t\t<div class=\"elementor-widget-container\">\n\t\t\t\t\t\t\t<div class=\"elementor-spacer\">\n\t\t\t<div class=\"elementor-spacer-inner\"><\/div>\n\t\t<\/div>\n\t\t\t\t\t\t<\/div>\n\t\t\t\t<\/div>\n\t\t\t\t\t<\/div>\n\t\t<\/div>\n\t\t\t\t<div class=\"elementor-column elementor-col-50 elementor-top-column elementor-element elementor-element-bb9dbed\" data-id=\"bb9dbed\" data-element_type=\"column\" data-e-type=\"column\" data-settings=\"{&quot;background_background&quot;:&quot;classic&quot;}\">\n\t\t\t<div class=\"elementor-widget-wrap elementor-element-populated\">\n\t\t\t\t\t\t<div class=\"elementor-element elementor-element-697d056 elementor-widget elementor-widget-spacer\" data-id=\"697d056\" data-element_type=\"widget\" data-e-type=\"widget\" data-widget_type=\"spacer.default\">\n\t\t\t\t<div class=\"elementor-widget-container\">\n\t\t\t\t\t\t\t<div class=\"elementor-spacer\">\n\t\t\t<div class=\"elementor-spacer-inner\"><\/div>\n\t\t<\/div>\n\t\t\t\t\t\t<\/div>\n\t\t\t\t<\/div>\n\t\t\t\t\t<\/div>\n\t\t<\/div>\n\t\t\t\t\t<\/div>\n\t\t<\/section>\n\t\t\t\t<\/div>","protected":false},"excerpt":{"rendered":"<p>Inden du registrerer dig House Of Pilates Kolding g\u00e5r vi meget op i at din tr\u00e6ning bliver tilpasset dine behov. Derfor skal du bestille en startpakke eller en personlig tr\u00e6ning hvis man ikke i forvejen er bekendt med reformeren. Startpakken bestilles under fanen &#8220;ONLINE STORE&#8221; her v\u00e6lger du &#8220;AUTOPAYS&#8221;, det st\u00e5r lige under &#8220;MY INFO&#8221; [&hellip;]<\/p>\n","protected":false},"author":2,"featured_media":0,"parent":0,"menu_order":0,"comment_status":"closed","ping_status":"closed","template":"elementor_header_footer","meta":{"footnotes":""},"class_list":["post-147","page","type-page","status-publish","hentry"],"yoast_head":"<!-- This site is optimized with the Yoast SEO plugin v27.1.1 - https:\/\/yoast.com\/product\/yoast-seo-wordpress\/ -->\n<title>Registrer - HOUSE OF PILATES KOLDING<\/title>\n<meta name=\"robots\" content=\"index, follow, max-snippet:-1, max-image-preview:large, max-video-preview:-1\" \/>\n<link rel=\"canonical\" href=\"https:\/\/houseofpilateskolding.dk\/en\/registrer\/\" \/>\n<meta property=\"og:locale\" content=\"en_GB\" \/>\n<meta property=\"og:type\" content=\"article\" \/>\n<meta property=\"og:title\" content=\"Registrer - HOUSE OF PILATES KOLDING\" \/>\n<meta property=\"og:description\" content=\"Inden du registrerer dig House Of Pilates Kolding g\u00e5r vi meget op i at din tr\u00e6ning bliver tilpasset dine behov. Derfor skal du bestille en startpakke eller en personlig tr\u00e6ning hvis man ikke i forvejen er bekendt med reformeren. Startpakken bestilles under fanen &#8220;ONLINE STORE&#8221; her v\u00e6lger du &#8220;AUTOPAYS&#8221;, det st\u00e5r lige under &#8220;MY INFO&#8221; [&hellip;]\" \/>\n<meta property=\"og:url\" content=\"https:\/\/houseofpilateskolding.dk\/en\/registrer\/\" \/>\n<meta property=\"og:site_name\" content=\"HOUSE OF PILATES KOLDING\" \/>\n<meta property=\"article:modified_time\" content=\"2025-10-15T11:06:07+00:00\" \/>\n<meta name=\"twitter:card\" content=\"summary_large_image\" \/>\n<meta name=\"twitter:label1\" content=\"Estimated reading time\" \/>\n\t<meta name=\"twitter:data1\" content=\"1 minute\" \/>\n<script type=\"application\/ld+json\" class=\"yoast-schema-graph\">{\"@context\":\"https:\/\/schema.org\",\"@graph\":[{\"@type\":\"WebPage\",\"@id\":\"https:\/\/houseofpilateskolding.dk\/registrer\/\",\"url\":\"https:\/\/houseofpilateskolding.dk\/registrer\/\",\"name\":\"Registrer - HOUSE OF PILATES KOLDING\",\"isPartOf\":{\"@id\":\"https:\/\/houseofpilateskolding.dk\/#website\"},\"datePublished\":\"2020-06-10T11:57:41+00:00\",\"dateModified\":\"2025-10-15T11:06:07+00:00\",\"breadcrumb\":{\"@id\":\"https:\/\/houseofpilateskolding.dk\/registrer\/#breadcrumb\"},\"inLanguage\":\"en-GB\",\"potentialAction\":[{\"@type\":\"ReadAction\",\"target\":[\"https:\/\/houseofpilateskolding.dk\/registrer\/\"]}]},{\"@type\":\"BreadcrumbList\",\"@id\":\"https:\/\/houseofpilateskolding.dk\/registrer\/#breadcrumb\",\"itemListElement\":[{\"@type\":\"ListItem\",\"position\":1,\"name\":\"Hjem\",\"item\":\"https:\/\/houseofpilateskolding.dk\/\"},{\"@type\":\"ListItem\",\"position\":2,\"name\":\"Registrer\"}]},{\"@type\":\"WebSite\",\"@id\":\"https:\/\/houseofpilateskolding.dk\/#website\",\"url\":\"https:\/\/houseofpilateskolding.dk\/\",\"name\":\"HOUSE OF PILATES KOLDING\",\"description\":\"Pilates og fysioterapi\",\"publisher\":{\"@id\":\"https:\/\/houseofpilateskolding.dk\/#organization\"},\"potentialAction\":[{\"@type\":\"SearchAction\",\"target\":{\"@type\":\"EntryPoint\",\"urlTemplate\":\"https:\/\/houseofpilateskolding.dk\/?s={search_term_string}\"},\"query-input\":{\"@type\":\"PropertyValueSpecification\",\"valueRequired\":true,\"valueName\":\"search_term_string\"}}],\"inLanguage\":\"en-GB\"},{\"@type\":\"Organization\",\"@id\":\"https:\/\/houseofpilateskolding.dk\/#organization\",\"name\":\"HOUSE OF PILATES KOLDING\",\"url\":\"https:\/\/houseofpilateskolding.dk\/\",\"logo\":{\"@type\":\"ImageObject\",\"inLanguage\":\"en-GB\",\"@id\":\"https:\/\/houseofpilateskolding.dk\/#\/schema\/logo\/image\/\",\"url\":\"https:\/\/houseofpilateskolding.dk\/wp-content\/uploads\/2020\/06\/House-of-pilates_Kolding_bredt.png\",\"contentUrl\":\"https:\/\/houseofpilateskolding.dk\/wp-content\/uploads\/2020\/06\/House-of-pilates_Kolding_bredt.png\",\"width\":800,\"height\":279,\"caption\":\"HOUSE OF PILATES KOLDING\"},\"image\":{\"@id\":\"https:\/\/houseofpilateskolding.dk\/#\/schema\/logo\/image\/\"}}]}<\/script>\n<!-- \/ Yoast SEO plugin. -->","yoast_head_json":{"title":"Registrer - HOUSE OF PILATES KOLDING","robots":{"index":"index","follow":"follow","max-snippet":"max-snippet:-1","max-image-preview":"max-image-preview:large","max-video-preview":"max-video-preview:-1"},"canonical":"https:\/\/houseofpilateskolding.dk\/en\/registrer\/","og_locale":"en_GB","og_type":"article","og_title":"Registrer - HOUSE OF PILATES KOLDING","og_description":"Inden du registrerer dig House Of Pilates Kolding g\u00e5r vi meget op i at din tr\u00e6ning bliver tilpasset dine behov. Derfor skal du bestille en startpakke eller en personlig tr\u00e6ning hvis man ikke i forvejen er bekendt med reformeren. Startpakken bestilles under fanen &#8220;ONLINE STORE&#8221; her v\u00e6lger du &#8220;AUTOPAYS&#8221;, det st\u00e5r lige under &#8220;MY INFO&#8221; [&hellip;]","og_url":"https:\/\/houseofpilateskolding.dk\/en\/registrer\/","og_site_name":"HOUSE OF PILATES KOLDING","article_modified_time":"2025-10-15T11:06:07+00:00","twitter_card":"summary_large_image","twitter_misc":{"Estimated reading time":"1 minute"},"schema":{"@context":"https:\/\/schema.org","@graph":[{"@type":"WebPage","@id":"https:\/\/houseofpilateskolding.dk\/registrer\/","url":"https:\/\/houseofpilateskolding.dk\/registrer\/","name":"Registrer - HOUSE OF PILATES KOLDING","isPartOf":{"@id":"https:\/\/houseofpilateskolding.dk\/#website"},"datePublished":"2020-06-10T11:57:41+00:00","dateModified":"2025-10-15T11:06:07+00:00","breadcrumb":{"@id":"https:\/\/houseofpilateskolding.dk\/registrer\/#breadcrumb"},"inLanguage":"en-GB","potentialAction":[{"@type":"ReadAction","target":["https:\/\/houseofpilateskolding.dk\/registrer\/"]}]},{"@type":"BreadcrumbList","@id":"https:\/\/houseofpilateskolding.dk\/registrer\/#breadcrumb","itemListElement":[{"@type":"ListItem","position":1,"name":"Hjem","item":"https:\/\/houseofpilateskolding.dk\/"},{"@type":"ListItem","position":2,"name":"Registrer"}]},{"@type":"WebSite","@id":"https:\/\/houseofpilateskolding.dk\/#website","url":"https:\/\/houseofpilateskolding.dk\/","name":"HOUSE OF PILATES KOLDING","description":"Pilates og fysioterapi","publisher":{"@id":"https:\/\/houseofpilateskolding.dk\/#organization"},"potentialAction":[{"@type":"SearchAction","target":{"@type":"EntryPoint","urlTemplate":"https:\/\/houseofpilateskolding.dk\/?s={search_term_string}"},"query-input":{"@type":"PropertyValueSpecification","valueRequired":true,"valueName":"search_term_string"}}],"inLanguage":"en-GB"},{"@type":"Organization","@id":"https:\/\/houseofpilateskolding.dk\/#organization","name":"HOUSE OF PILATES KOLDING","url":"https:\/\/houseofpilateskolding.dk\/","logo":{"@type":"ImageObject","inLanguage":"en-GB","@id":"https:\/\/houseofpilateskolding.dk\/#\/schema\/logo\/image\/","url":"https:\/\/houseofpilateskolding.dk\/wp-content\/uploads\/2020\/06\/House-of-pilates_Kolding_bredt.png","contentUrl":"https:\/\/houseofpilateskolding.dk\/wp-content\/uploads\/2020\/06\/House-of-pilates_Kolding_bredt.png","width":800,"height":279,"caption":"HOUSE OF PILATES KOLDING"},"image":{"@id":"https:\/\/houseofpilateskolding.dk\/#\/schema\/logo\/image\/"}}]}},"_links":{"self":[{"href":"https:\/\/houseofpilateskolding.dk\/en\/wp-json\/wp\/v2\/pages\/147","targetHints":{"allow":["GET"]}}],"collection":[{"href":"https:\/\/houseofpilateskolding.dk\/en\/wp-json\/wp\/v2\/pages"}],"about":[{"href":"https:\/\/houseofpilateskolding.dk\/en\/wp-json\/wp\/v2\/types\/page"}],"author":[{"embeddable":true,"href":"https:\/\/houseofpilateskolding.dk\/en\/wp-json\/wp\/v2\/users\/2"}],"replies":[{"embeddable":true,"href":"https:\/\/houseofpilateskolding.dk\/en\/wp-json\/wp\/v2\/comments?post=147"}],"version-history":[{"count":44,"href":"https:\/\/houseofpilateskolding.dk\/en\/wp-json\/wp\/v2\/pages\/147\/revisions"}],"predecessor-version":[{"id":782,"href":"https:\/\/houseofpilateskolding.dk\/en\/wp-json\/wp\/v2\/pages\/147\/revisions\/782"}],"wp:attachment":[{"href":"https:\/\/houseofpilateskolding.dk\/en\/wp-json\/wp\/v2\/media?parent=147"}],"curies":[{"name":"wp","href":"https:\/\/api.w.org\/{rel}","templated":true}]}}